{"id":3130,"date":"2023-02-16T16:50:52","date_gmt":"2023-02-16T15:50:52","guid":{"rendered":"https:\/\/iuc-aphp-sorbonneuniversite.com\/?page_id=3130"},"modified":"2023-02-16T17:13:05","modified_gmt":"2023-02-16T16:13:05","slug":"presentation-of-the-iuc","status":"publish","type":"page","link":"https:\/\/iuc-aphp-sorbonneuniversite.com\/en\/presentation-of-the-iuc\/","title":{"rendered":"Presentation of the IUC"},"content":{"rendered":"<div class=\"embed-container\"><iframe data-src=\"https:\/\/player.vimeo.com\/video\/716348389?h=132611b2d7\" width=\"640\" height=\"360\" frameborder=\"0\" allowfullscreen=\"allowfullscreen\" src=\"data:image\/svg+xml;base64,PHN2ZyB3aWR0aD0iMSIgaGVpZ2h0PSIxIiB4bWxucz0iaHR0cDovL3d3dy53My5vcmcvMjAwMC9zdmciPjwvc3ZnPg==\" class=\"lazyload\" data-load-mode=\"1\"><\/iframe><\/div>\n<div><\/div>\n<div>\n<p>In France, every day, more than 1000 cancers are diagnosed and are the first cause of death in men and the second in women. It is encouraging to note that, despite an increasing number of new cases, we have seen a decrease in mortality and an increase in cure rates for almost 20 years. This progress is linked to several essential advances:<\/p>\n<ul>\n<li>Identification of at-risk populations for the deployment of prevention and screening strategies for certain cancers.<\/li>\n<li>Advances in research leading to the identification of new targets and the development of new and more effective personalized treatments.<\/li>\n<li>Supportive care that reduces the impact of disease and treatment on patients&#8217; quality of life.<\/li>\n<\/ul>\n<ul>\n<li>Finally, multidisciplinarity is now essential, which is why the IUC has been committed to this perspective from the outset, and cultivates a true &#8220;team spirit&#8221; that has already led to several major achievements, including national and international accreditations such as the SIRIC Curamus (one of the nine integrated cancer research sites in France), the CLIP<sup>2<\/sup> Galil\u00e9e (accredited center for early phase treatment trials) and several reference centers in the field of rare cancers.<\/li>\n<\/ul>\n<h2>30,000 patients treated per year<\/h2>\n<p>Each year, within the hospitals of AP-HP Sorbonne University, we take care of nearly 30,000 patients with or at risk for all types of cancer and of all ages. Our care offer is complete, multidisciplinary and innovative, allowing us to call upon all the specialties necessary for optimal care of our patients. Our research programs ensure access to diagnostic and therapeutic innovations. IUC&#8217;s academic offerings reflect our versatility and include not only medicine but also science, engineering, and the humanities. The coordination of all these activities within AP-HP Sorbonne University has been entrusted to the University Institute of Cancerology (IUC), created 10 years ago and bringing together Sorbonne University and the hospitals of the AP-HP Sorbonne University GHU, as well as essential partners in the field of research, such as Inserm and the CNRS. The link with the University of Patients reflects our desire to center all our thinking around and with patients. Our goal is to provide all our patients with access to quality, innovative and validated care. To do this, we must be at the forefront of research and support the personal, family, social and societal upheavals associated with cancer.<\/p>\n<p>All of our teams are working to provide all of the medical and surgical expertise required to &#8220;take care&#8221; of those who are or will be faced with cancer.<\/p>\n<\/div>\n<p>&nbsp;<\/p>\n<table style=\"height: 197px;\" width=\"1024\">\n<tbody>\n<tr>\n<td style=\"text-align: center;\" width=\"164\"><span style=\"color: #333333;\"><strong>Joseph Gligorov<\/strong><\/span><\/td>\n<td style=\"text-align: center;\" width=\"148\"><span style=\"color: #333333;\"><strong>Christine Welty<\/strong><\/span><\/td>\n<td style=\"text-align: center;\" width=\"215\"><span style=\"color: #333333;\"><strong>Bruno Riou<\/strong><\/span><\/td>\n<td style=\"text-align: center;\" width=\"158\"><span style=\"color: #333333;\"><strong>Serge Uzan<\/strong><\/span><\/td>\n<\/tr>\n<tr>\n<td style=\"text-align: center;\" width=\"164\"><span style=\"color: #333333;\">Executive Director<\/span><br \/>\n<span style=\"color: #333333;\">IUC AP-HP Sorbonne University <\/span><\/td>\n<td style=\"text-align: center;\" width=\"148\"><span style=\"color: #333333;\">General Manager<\/span><br \/>\n<span style=\"color: #333333;\">AH-HP Sorbonne University<\/span><\/td>\n<td style=\"text-align: center;\" width=\"215\"><span style=\"color: #333333;\">Dean<\/span><br \/>\n<span style=\"color: #333333;\">Faculty of Medicine Sorbonne University <\/span><\/td>\n<td style=\"text-align: center;\" width=\"158\"><span style=\"color: #333333;\">President of the COS<\/span><br \/>\n<span style=\"color: #333333;\">IUC AP-HP Sorbonne University<\/span><\/td>\n<\/tr>\n<\/tbody>\n<\/table>\n<p>&nbsp;<\/p>\n<p>&nbsp;<\/p>\n<p>&nbsp;<\/p>\n","protected":false},"excerpt":{"rendered":"","protected":false},"author":5,"featured_media":0,"parent":0,"menu_order":0,"comment_status":"closed","ping_status":"closed","template":"","meta":{"_acf_changed":false,"footnotes":""},"class_list":["post-3130","page","type-page","status-publish","hentry"],"acf":[],"yoast_head":"<!-- This site is optimized with the Yoast SEO plugin v27.4 - https:\/\/yoast.com\/product\/yoast-seo-wordpress\/ -->\n<title>Presentation of the University Institute of Cancerology - AP-HP Sorbonne University<\/title>\n<meta name=\"description\" content=\"Each year, within the hospitals of AP-HP Sorbonne University, we take care of nearly 30,000 patients with or at risk for all types of cancer and of all ages.\" \/>\n<meta name=\"robots\" content=\"index, follow, max-snippet:-1, max-image-preview:large, max-video-preview:-1\" \/>\n<link rel=\"canonical\" href=\"https:\/\/iuc-aphp-sorbonneuniversite.com\/en\/presentation-of-the-iuc\/\" \/>\n<meta property=\"og:locale\" content=\"en_US\" \/>\n<meta property=\"og:type\" content=\"article\" \/>\n<meta property=\"og:title\" content=\"Presentation of the University Institute of Cancerology - AP-HP Sorbonne University\" \/>\n<meta property=\"og:description\" content=\"Each year, within the hospitals of AP-HP Sorbonne University, we take care of nearly 30,000 patients with or at risk for all types of cancer and of all ages.\" \/>\n<meta property=\"og:url\" content=\"https:\/\/iuc-aphp-sorbonneuniversite.com\/en\/presentation-of-the-iuc\/\" \/>\n<meta property=\"og:site_name\" content=\"IUC - Institut Universitaire de Canc\u00e9rologie\" \/>\n<meta property=\"article:modified_time\" content=\"2023-02-16T16:13:05+00:00\" \/>\n<meta name=\"twitter:card\" content=\"summary_large_image\" \/>\n<meta name=\"twitter:label1\" content=\"Est. reading time\" \/>\n\t<meta name=\"twitter:data1\" content=\"3 minutes\" \/>\n<script type=\"application\/ld+json\" class=\"yoast-schema-graph\">{\"@context\":\"https:\\\/\\\/schema.org\",\"@graph\":[{\"@type\":\"WebPage\",\"@id\":\"https:\\\/\\\/iuc-aphp-sorbonneuniversite.com\\\/en\\\/presentation-of-the-iuc\\\/\",\"url\":\"https:\\\/\\\/iuc-aphp-sorbonneuniversite.com\\\/en\\\/presentation-of-the-iuc\\\/\",\"name\":\"Presentation of the University Institute of Cancerology - AP-HP Sorbonne University\",\"isPartOf\":{\"@id\":\"https:\\\/\\\/iuc-aphp-sorbonneuniversite.com\\\/#website\"},\"datePublished\":\"2023-02-16T15:50:52+00:00\",\"dateModified\":\"2023-02-16T16:13:05+00:00\",\"description\":\"Each year, within the hospitals of AP-HP Sorbonne University, we take care of nearly 30,000 patients with or at risk for all types of cancer and of all ages.\",\"breadcrumb\":{\"@id\":\"https:\\\/\\\/iuc-aphp-sorbonneuniversite.com\\\/en\\\/presentation-of-the-iuc\\\/#breadcrumb\"},\"inLanguage\":\"en-US\",\"potentialAction\":[{\"@type\":\"ReadAction\",\"target\":[\"https:\\\/\\\/iuc-aphp-sorbonneuniversite.com\\\/en\\\/presentation-of-the-iuc\\\/\"]}]},{\"@type\":\"BreadcrumbList\",\"@id\":\"https:\\\/\\\/iuc-aphp-sorbonneuniversite.com\\\/en\\\/presentation-of-the-iuc\\\/#breadcrumb\",\"itemListElement\":[{\"@type\":\"ListItem\",\"position\":1,\"name\":\"Accueil\",\"item\":\"https:\\\/\\\/iuc-aphp-sorbonneuniversite.com\\\/en\\\/\"},{\"@type\":\"ListItem\",\"position\":2,\"name\":\"Presentation of the IUC\"}]},{\"@type\":\"WebSite\",\"@id\":\"https:\\\/\\\/iuc-aphp-sorbonneuniversite.com\\\/#website\",\"url\":\"https:\\\/\\\/iuc-aphp-sorbonneuniversite.com\\\/\",\"name\":\"IUC - Institut Universitaire de Canc\u00e9rologie\",\"description\":\"Facult\u00e9 de M\u00e9decine Pierre et Marie Curie\",\"publisher\":{\"@id\":\"https:\\\/\\\/iuc-aphp-sorbonneuniversite.com\\\/#organization\"},\"potentialAction\":[{\"@type\":\"SearchAction\",\"target\":{\"@type\":\"EntryPoint\",\"urlTemplate\":\"https:\\\/\\\/iuc-aphp-sorbonneuniversite.com\\\/?s={search_term_string}\"},\"query-input\":{\"@type\":\"PropertyValueSpecification\",\"valueRequired\":true,\"valueName\":\"search_term_string\"}}],\"inLanguage\":\"en-US\"},{\"@type\":\"Organization\",\"@id\":\"https:\\\/\\\/iuc-aphp-sorbonneuniversite.com\\\/#organization\",\"name\":\"IUC - Institut Universitaire de Canc\u00e9rologie\",\"url\":\"https:\\\/\\\/iuc-aphp-sorbonneuniversite.com\\\/\",\"logo\":{\"@type\":\"ImageObject\",\"inLanguage\":\"en-US\",\"@id\":\"https:\\\/\\\/iuc-aphp-sorbonneuniversite.com\\\/#\\\/schema\\\/logo\\\/image\\\/\",\"url\":\"https:\\\/\\\/iuc-aphp-sorbonneuniversite.com\\\/wp-content\\\/uploads\\\/2022\\\/10\\\/logo-iuc-e1670571869673.png\",\"contentUrl\":\"https:\\\/\\\/iuc-aphp-sorbonneuniversite.com\\\/wp-content\\\/uploads\\\/2022\\\/10\\\/logo-iuc-e1670571869673.png\",\"width\":500,\"height\":103,\"caption\":\"IUC - Institut Universitaire de Canc\u00e9rologie\"},\"image\":{\"@id\":\"https:\\\/\\\/iuc-aphp-sorbonneuniversite.com\\\/#\\\/schema\\\/logo\\\/image\\\/\"}}]}<\/script>\n<!-- \/ Yoast SEO plugin. -->","yoast_head_json":{"title":"Presentation of the University Institute of Cancerology - AP-HP Sorbonne University","description":"Each year, within the hospitals of AP-HP Sorbonne University, we take care of nearly 30,000 patients with or at risk for all types of cancer and of all ages.","robots":{"index":"index","follow":"follow","max-snippet":"max-snippet:-1","max-image-preview":"max-image-preview:large","max-video-preview":"max-video-preview:-1"},"canonical":"https:\/\/iuc-aphp-sorbonneuniversite.com\/en\/presentation-of-the-iuc\/","og_locale":"en_US","og_type":"article","og_title":"Presentation of the University Institute of Cancerology - AP-HP Sorbonne University","og_description":"Each year, within the hospitals of AP-HP Sorbonne University, we take care of nearly 30,000 patients with or at risk for all types of cancer and of all ages.","og_url":"https:\/\/iuc-aphp-sorbonneuniversite.com\/en\/presentation-of-the-iuc\/","og_site_name":"IUC - Institut Universitaire de Canc\u00e9rologie","article_modified_time":"2023-02-16T16:13:05+00:00","twitter_card":"summary_large_image","twitter_misc":{"Est. reading time":"3 minutes"},"schema":{"@context":"https:\/\/schema.org","@graph":[{"@type":"WebPage","@id":"https:\/\/iuc-aphp-sorbonneuniversite.com\/en\/presentation-of-the-iuc\/","url":"https:\/\/iuc-aphp-sorbonneuniversite.com\/en\/presentation-of-the-iuc\/","name":"Presentation of the University Institute of Cancerology - AP-HP Sorbonne University","isPartOf":{"@id":"https:\/\/iuc-aphp-sorbonneuniversite.com\/#website"},"datePublished":"2023-02-16T15:50:52+00:00","dateModified":"2023-02-16T16:13:05+00:00","description":"Each year, within the hospitals of AP-HP Sorbonne University, we take care of nearly 30,000 patients with or at risk for all types of cancer and of all ages.","breadcrumb":{"@id":"https:\/\/iuc-aphp-sorbonneuniversite.com\/en\/presentation-of-the-iuc\/#breadcrumb"},"inLanguage":"en-US","potentialAction":[{"@type":"ReadAction","target":["https:\/\/iuc-aphp-sorbonneuniversite.com\/en\/presentation-of-the-iuc\/"]}]},{"@type":"BreadcrumbList","@id":"https:\/\/iuc-aphp-sorbonneuniversite.com\/en\/presentation-of-the-iuc\/#breadcrumb","itemListElement":[{"@type":"ListItem","position":1,"name":"Accueil","item":"https:\/\/iuc-aphp-sorbonneuniversite.com\/en\/"},{"@type":"ListItem","position":2,"name":"Presentation of the IUC"}]},{"@type":"WebSite","@id":"https:\/\/iuc-aphp-sorbonneuniversite.com\/#website","url":"https:\/\/iuc-aphp-sorbonneuniversite.com\/","name":"IUC - Institut Universitaire de Canc\u00e9rologie","description":"Facult\u00e9 de M\u00e9decine Pierre et Marie Curie","publisher":{"@id":"https:\/\/iuc-aphp-sorbonneuniversite.com\/#organization"},"potentialAction":[{"@type":"SearchAction","target":{"@type":"EntryPoint","urlTemplate":"https:\/\/iuc-aphp-sorbonneuniversite.com\/?s={search_term_string}"},"query-input":{"@type":"PropertyValueSpecification","valueRequired":true,"valueName":"search_term_string"}}],"inLanguage":"en-US"},{"@type":"Organization","@id":"https:\/\/iuc-aphp-sorbonneuniversite.com\/#organization","name":"IUC - Institut Universitaire de Canc\u00e9rologie","url":"https:\/\/iuc-aphp-sorbonneuniversite.com\/","logo":{"@type":"ImageObject","inLanguage":"en-US","@id":"https:\/\/iuc-aphp-sorbonneuniversite.com\/#\/schema\/logo\/image\/","url":"https:\/\/iuc-aphp-sorbonneuniversite.com\/wp-content\/uploads\/2022\/10\/logo-iuc-e1670571869673.png","contentUrl":"https:\/\/iuc-aphp-sorbonneuniversite.com\/wp-content\/uploads\/2022\/10\/logo-iuc-e1670571869673.png","width":500,"height":103,"caption":"IUC - Institut Universitaire de Canc\u00e9rologie"},"image":{"@id":"https:\/\/iuc-aphp-sorbonneuniversite.com\/#\/schema\/logo\/image\/"}}]}},"_links":{"self":[{"href":"https:\/\/iuc-aphp-sorbonneuniversite.com\/en\/wp-json\/wp\/v2\/pages\/3130","targetHints":{"allow":["GET"]}}],"collection":[{"href":"https:\/\/iuc-aphp-sorbonneuniversite.com\/en\/wp-json\/wp\/v2\/pages"}],"about":[{"href":"https:\/\/iuc-aphp-sorbonneuniversite.com\/en\/wp-json\/wp\/v2\/types\/page"}],"author":[{"embeddable":true,"href":"https:\/\/iuc-aphp-sorbonneuniversite.com\/en\/wp-json\/wp\/v2\/users\/5"}],"replies":[{"embeddable":true,"href":"https:\/\/iuc-aphp-sorbonneuniversite.com\/en\/wp-json\/wp\/v2\/comments?post=3130"}],"version-history":[{"count":0,"href":"https:\/\/iuc-aphp-sorbonneuniversite.com\/en\/wp-json\/wp\/v2\/pages\/3130\/revisions"}],"wp:attachment":[{"href":"https:\/\/iuc-aphp-sorbonneuniversite.com\/en\/wp-json\/wp\/v2\/media?parent=3130"}],"curies":[{"name":"wp","href":"https:\/\/api.w.org\/{rel}","templated":true}]}}