{"id":3193,"date":"2023-02-16T17:14:19","date_gmt":"2023-02-16T16:14:19","guid":{"rendered":"https:\/\/iuc-aphp-sorbonneuniversite.com\/the-hospital-sites\/"},"modified":"2023-02-16T17:14:19","modified_gmt":"2023-02-16T16:14:19","slug":"the-hospital-sites","status":"publish","type":"page","link":"https:\/\/iuc-aphp-sorbonneuniversite.com\/en\/the-hospital-sites\/","title":{"rendered":"Hospital sites"},"content":{"rendered":"<p><img decoding=\"async\" class=\"alignnone wp-image-1926 size-full lazyload\" data-src=\"https:\/\/iuc-aphp-sorbonneuniversite.com\/wp-content\/uploads\/2022\/09\/carte-site-hospitalier.jpg\" alt=\"\" width=\"2523\" height=\"1653\" data-srcset=\"https:\/\/iuc-aphp-sorbonneuniversite.com\/wp-content\/uploads\/2022\/09\/carte-site-hospitalier.jpg 2523w, https:\/\/iuc-aphp-sorbonneuniversite.com\/wp-content\/uploads\/2022\/09\/carte-site-hospitalier-300x197.jpg 300w, https:\/\/iuc-aphp-sorbonneuniversite.com\/wp-content\/uploads\/2022\/09\/carte-site-hospitalier-1024x671.jpg 1024w, https:\/\/iuc-aphp-sorbonneuniversite.com\/wp-content\/uploads\/2022\/09\/carte-site-hospitalier-768x503.jpg 768w, https:\/\/iuc-aphp-sorbonneuniversite.com\/wp-content\/uploads\/2022\/09\/carte-site-hospitalier-1536x1006.jpg 1536w, https:\/\/iuc-aphp-sorbonneuniversite.com\/wp-content\/uploads\/2022\/09\/carte-site-hospitalier-2048x1342.jpg 2048w\" data-sizes=\"(max-width: 2523px) 100vw, 2523px\" src=\"data:image\/svg+xml;base64,PHN2ZyB3aWR0aD0iMSIgaGVpZ2h0PSIxIiB4bWxucz0iaHR0cDovL3d3dy53My5vcmcvMjAwMC9zdmciPjwvc3ZnPg==\" style=\"--smush-placeholder-width: 2523px; --smush-placeholder-aspect-ratio: 2523\/1653;\" \/><\/p>\n","protected":false},"excerpt":{"rendered":"","protected":false},"author":5,"featured_media":0,"parent":0,"menu_order":0,"comment_status":"closed","ping_status":"closed","template":"site-recherche.php","meta":{"_acf_changed":false,"footnotes":""},"class_list":["post-3193","page","type-page","status-publish","hentry"],"acf":[],"yoast_head":"<!-- This site is optimized with the Yoast SEO plugin v27.4 - https:\/\/yoast.com\/product\/yoast-seo-wordpress\/ -->\n<title>Hospital sites - IUC - Institut Universitaire de Canc\u00e9rologie<\/title>\n<meta name=\"robots\" content=\"index, follow, max-snippet:-1, max-image-preview:large, max-video-preview:-1\" \/>\n<link rel=\"canonical\" href=\"https:\/\/iuc-aphp-sorbonneuniversite.com\/the-hospital-sites\/\" \/>\n<meta property=\"og:locale\" content=\"en_US\" \/>\n<meta property=\"og:type\" content=\"article\" \/>\n<meta property=\"og:title\" content=\"Hospital sites - IUC - Institut Universitaire de Canc\u00e9rologie\" \/>\n<meta property=\"og:url\" content=\"https:\/\/iuc-aphp-sorbonneuniversite.com\/the-hospital-sites\/\" \/>\n<meta property=\"og:site_name\" content=\"IUC - Institut Universitaire de Canc\u00e9rologie\" \/>\n<meta property=\"og:image\" content=\"https:\/\/iuc-aphp-sorbonneuniversite.com\/wp-content\/uploads\/2022\/09\/carte-site-hospitalier.jpg\" \/>\n<meta name=\"twitter:card\" content=\"summary_large_image\" \/>\n<script type=\"application\/ld+json\" class=\"yoast-schema-graph\">{\"@context\":\"https:\\\/\\\/schema.org\",\"@graph\":[{\"@type\":\"WebPage\",\"@id\":\"https:\\\/\\\/iuc-aphp-sorbonneuniversite.com\\\/the-hospital-sites\\\/\",\"url\":\"https:\\\/\\\/iuc-aphp-sorbonneuniversite.com\\\/the-hospital-sites\\\/\",\"name\":\"Hospital sites - IUC - Institut Universitaire de Canc\u00e9rologie\",\"isPartOf\":{\"@id\":\"https:\\\/\\\/iuc-aphp-sorbonneuniversite.com\\\/#website\"},\"primaryImageOfPage\":{\"@id\":\"https:\\\/\\\/iuc-aphp-sorbonneuniversite.com\\\/the-hospital-sites\\\/#primaryimage\"},\"image\":{\"@id\":\"https:\\\/\\\/iuc-aphp-sorbonneuniversite.com\\\/the-hospital-sites\\\/#primaryimage\"},\"thumbnailUrl\":\"https:\\\/\\\/iuc-aphp-sorbonneuniversite.com\\\/wp-content\\\/uploads\\\/2022\\\/09\\\/carte-site-hospitalier.jpg\",\"datePublished\":\"2023-02-16T16:14:19+00:00\",\"breadcrumb\":{\"@id\":\"https:\\\/\\\/iuc-aphp-sorbonneuniversite.com\\\/the-hospital-sites\\\/#breadcrumb\"},\"inLanguage\":\"en-US\",\"potentialAction\":[{\"@type\":\"ReadAction\",\"target\":[\"https:\\\/\\\/iuc-aphp-sorbonneuniversite.com\\\/the-hospital-sites\\\/\"]}]},{\"@type\":\"ImageObject\",\"inLanguage\":\"en-US\",\"@id\":\"https:\\\/\\\/iuc-aphp-sorbonneuniversite.com\\\/the-hospital-sites\\\/#primaryimage\",\"url\":\"https:\\\/\\\/iuc-aphp-sorbonneuniversite.com\\\/wp-content\\\/uploads\\\/2022\\\/09\\\/carte-site-hospitalier.jpg\",\"contentUrl\":\"https:\\\/\\\/iuc-aphp-sorbonneuniversite.com\\\/wp-content\\\/uploads\\\/2022\\\/09\\\/carte-site-hospitalier.jpg\"},{\"@type\":\"BreadcrumbList\",\"@id\":\"https:\\\/\\\/iuc-aphp-sorbonneuniversite.com\\\/the-hospital-sites\\\/#breadcrumb\",\"itemListElement\":[{\"@type\":\"ListItem\",\"position\":1,\"name\":\"Accueil\",\"item\":\"https:\\\/\\\/iuc-aphp-sorbonneuniversite.com\\\/en\\\/\"},{\"@type\":\"ListItem\",\"position\":2,\"name\":\"Hospital sites\"}]},{\"@type\":\"WebSite\",\"@id\":\"https:\\\/\\\/iuc-aphp-sorbonneuniversite.com\\\/#website\",\"url\":\"https:\\\/\\\/iuc-aphp-sorbonneuniversite.com\\\/\",\"name\":\"IUC - Institut Universitaire de Canc\u00e9rologie\",\"description\":\"Facult\u00e9 de M\u00e9decine Pierre et Marie Curie\",\"publisher\":{\"@id\":\"https:\\\/\\\/iuc-aphp-sorbonneuniversite.com\\\/#organization\"},\"potentialAction\":[{\"@type\":\"SearchAction\",\"target\":{\"@type\":\"EntryPoint\",\"urlTemplate\":\"https:\\\/\\\/iuc-aphp-sorbonneuniversite.com\\\/?s={search_term_string}\"},\"query-input\":{\"@type\":\"PropertyValueSpecification\",\"valueRequired\":true,\"valueName\":\"search_term_string\"}}],\"inLanguage\":\"en-US\"},{\"@type\":\"Organization\",\"@id\":\"https:\\\/\\\/iuc-aphp-sorbonneuniversite.com\\\/#organization\",\"name\":\"IUC - Institut Universitaire de Canc\u00e9rologie\",\"url\":\"https:\\\/\\\/iuc-aphp-sorbonneuniversite.com\\\/\",\"logo\":{\"@type\":\"ImageObject\",\"inLanguage\":\"en-US\",\"@id\":\"https:\\\/\\\/iuc-aphp-sorbonneuniversite.com\\\/#\\\/schema\\\/logo\\\/image\\\/\",\"url\":\"https:\\\/\\\/iuc-aphp-sorbonneuniversite.com\\\/wp-content\\\/uploads\\\/2022\\\/10\\\/logo-iuc-e1670571869673.png\",\"contentUrl\":\"https:\\\/\\\/iuc-aphp-sorbonneuniversite.com\\\/wp-content\\\/uploads\\\/2022\\\/10\\\/logo-iuc-e1670571869673.png\",\"width\":500,\"height\":103,\"caption\":\"IUC - Institut Universitaire de Canc\u00e9rologie\"},\"image\":{\"@id\":\"https:\\\/\\\/iuc-aphp-sorbonneuniversite.com\\\/#\\\/schema\\\/logo\\\/image\\\/\"}}]}<\/script>\n<!-- \/ Yoast SEO plugin. -->","yoast_head_json":{"title":"Hospital sites - IUC - Institut Universitaire de Canc\u00e9rologie","robots":{"index":"index","follow":"follow","max-snippet":"max-snippet:-1","max-image-preview":"max-image-preview:large","max-video-preview":"max-video-preview:-1"},"canonical":"https:\/\/iuc-aphp-sorbonneuniversite.com\/the-hospital-sites\/","og_locale":"en_US","og_type":"article","og_title":"Hospital sites - IUC - Institut Universitaire de Canc\u00e9rologie","og_url":"https:\/\/iuc-aphp-sorbonneuniversite.com\/the-hospital-sites\/","og_site_name":"IUC - Institut Universitaire de Canc\u00e9rologie","og_image":[{"url":"https:\/\/iuc-aphp-sorbonneuniversite.com\/wp-content\/uploads\/2022\/09\/carte-site-hospitalier.jpg","type":"","width":"","height":""}],"twitter_card":"summary_large_image","schema":{"@context":"https:\/\/schema.org","@graph":[{"@type":"WebPage","@id":"https:\/\/iuc-aphp-sorbonneuniversite.com\/the-hospital-sites\/","url":"https:\/\/iuc-aphp-sorbonneuniversite.com\/the-hospital-sites\/","name":"Hospital sites - IUC - Institut Universitaire de Canc\u00e9rologie","isPartOf":{"@id":"https:\/\/iuc-aphp-sorbonneuniversite.com\/#website"},"primaryImageOfPage":{"@id":"https:\/\/iuc-aphp-sorbonneuniversite.com\/the-hospital-sites\/#primaryimage"},"image":{"@id":"https:\/\/iuc-aphp-sorbonneuniversite.com\/the-hospital-sites\/#primaryimage"},"thumbnailUrl":"https:\/\/iuc-aphp-sorbonneuniversite.com\/wp-content\/uploads\/2022\/09\/carte-site-hospitalier.jpg","datePublished":"2023-02-16T16:14:19+00:00","breadcrumb":{"@id":"https:\/\/iuc-aphp-sorbonneuniversite.com\/the-hospital-sites\/#breadcrumb"},"inLanguage":"en-US","potentialAction":[{"@type":"ReadAction","target":["https:\/\/iuc-aphp-sorbonneuniversite.com\/the-hospital-sites\/"]}]},{"@type":"ImageObject","inLanguage":"en-US","@id":"https:\/\/iuc-aphp-sorbonneuniversite.com\/the-hospital-sites\/#primaryimage","url":"https:\/\/iuc-aphp-sorbonneuniversite.com\/wp-content\/uploads\/2022\/09\/carte-site-hospitalier.jpg","contentUrl":"https:\/\/iuc-aphp-sorbonneuniversite.com\/wp-content\/uploads\/2022\/09\/carte-site-hospitalier.jpg"},{"@type":"BreadcrumbList","@id":"https:\/\/iuc-aphp-sorbonneuniversite.com\/the-hospital-sites\/#breadcrumb","itemListElement":[{"@type":"ListItem","position":1,"name":"Accueil","item":"https:\/\/iuc-aphp-sorbonneuniversite.com\/en\/"},{"@type":"ListItem","position":2,"name":"Hospital sites"}]},{"@type":"WebSite","@id":"https:\/\/iuc-aphp-sorbonneuniversite.com\/#website","url":"https:\/\/iuc-aphp-sorbonneuniversite.com\/","name":"IUC - Institut Universitaire de Canc\u00e9rologie","description":"Facult\u00e9 de M\u00e9decine Pierre et Marie Curie","publisher":{"@id":"https:\/\/iuc-aphp-sorbonneuniversite.com\/#organization"},"potentialAction":[{"@type":"SearchAction","target":{"@type":"EntryPoint","urlTemplate":"https:\/\/iuc-aphp-sorbonneuniversite.com\/?s={search_term_string}"},"query-input":{"@type":"PropertyValueSpecification","valueRequired":true,"valueName":"search_term_string"}}],"inLanguage":"en-US"},{"@type":"Organization","@id":"https:\/\/iuc-aphp-sorbonneuniversite.com\/#organization","name":"IUC - Institut Universitaire de Canc\u00e9rologie","url":"https:\/\/iuc-aphp-sorbonneuniversite.com\/","logo":{"@type":"ImageObject","inLanguage":"en-US","@id":"https:\/\/iuc-aphp-sorbonneuniversite.com\/#\/schema\/logo\/image\/","url":"https:\/\/iuc-aphp-sorbonneuniversite.com\/wp-content\/uploads\/2022\/10\/logo-iuc-e1670571869673.png","contentUrl":"https:\/\/iuc-aphp-sorbonneuniversite.com\/wp-content\/uploads\/2022\/10\/logo-iuc-e1670571869673.png","width":500,"height":103,"caption":"IUC - Institut Universitaire de Canc\u00e9rologie"},"image":{"@id":"https:\/\/iuc-aphp-sorbonneuniversite.com\/#\/schema\/logo\/image\/"}}]}},"_links":{"self":[{"href":"https:\/\/iuc-aphp-sorbonneuniversite.com\/en\/wp-json\/wp\/v2\/pages\/3193","targetHints":{"allow":["GET"]}}],"collection":[{"href":"https:\/\/iuc-aphp-sorbonneuniversite.com\/en\/wp-json\/wp\/v2\/pages"}],"about":[{"href":"https:\/\/iuc-aphp-sorbonneuniversite.com\/en\/wp-json\/wp\/v2\/types\/page"}],"author":[{"embeddable":true,"href":"https:\/\/iuc-aphp-sorbonneuniversite.com\/en\/wp-json\/wp\/v2\/users\/5"}],"replies":[{"embeddable":true,"href":"https:\/\/iuc-aphp-sorbonneuniversite.com\/en\/wp-json\/wp\/v2\/comments?post=3193"}],"version-history":[{"count":0,"href":"https:\/\/iuc-aphp-sorbonneuniversite.com\/en\/wp-json\/wp\/v2\/pages\/3193\/revisions"}],"wp:attachment":[{"href":"https:\/\/iuc-aphp-sorbonneuniversite.com\/en\/wp-json\/wp\/v2\/media?parent=3193"}],"curies":[{"name":"wp","href":"https:\/\/api.w.org\/{rel}","templated":true}]}}