{"id":3231,"date":"2020-03-01T11:03:42","date_gmt":"2020-03-01T10:03:42","guid":{"rendered":"https:\/\/iuc-aphp-sorbonneuniversite.com\/missions\/"},"modified":"2023-02-16T18:01:41","modified_gmt":"2023-02-16T17:01:41","slug":"missions","status":"publish","type":"page","link":"https:\/\/iuc-aphp-sorbonneuniversite.com\/en\/missions\/","title":{"rendered":"Missions and Objectives"},"content":{"rendered":"<p>The University Institute of Cancerology AP-HP.SU is a federative, multidisciplinary structure within the <strong><br \/>\n  <em>Sorbonne University Faculty of Medicine and the <\/em><br \/>\n<\/strong><strong><br \/>\n  <em>GH AP-HP.Sorbonne University<\/em><br \/>\n<\/strong> dedicated to care, research and education in cancer, involving partner teams <strong><br \/>\n  <em>(INSERM, CNRS, INRIA, Quinze-Vingts)<\/em><br \/>\n<\/strong>and Sorbonne University.<\/p>\n<p><strong> <\/strong><\/p>\n<p><strong>With more than 100<\/strong> <strong>care and research teams<\/strong>, the AP-HP.SU IUC offers <strong>multidisciplinary management<\/strong> of solid and hematological malignancies of all ages and access to innovations for all patients. An environment of recognized expertise with, among others, the Integrated Cancer Research Site<strong>(SIRIC-CURAMUS<\/strong>), the early phase research centers<strong>(CLIP<\/strong> <strong>Galil\u00e9e<\/strong>) for adults and children in partnership, the National Expert Networks such as CANCERVIH, the thematic clinical research groups (GRC)&#8230;<\/p>\n<p>&nbsp;<\/p>\n<p>With <strong>centers for the management of populations at risk of<\/strong> cancer or fragile populations (Colorectal, Prostate, Lung, Breast, Ovary&#8230; Elderly), the IUC AP-HP.SU is firmly committed to cancer prevention and screening. <strong><br \/>\n  <em>Platforms of excellence <\/em><br \/>\n<\/strong>of excellence <em>in care and <\/em>research complete this expertise.<\/p>\n<p>&nbsp;<\/p>\n<p><strong>The objectives of the IUC AP-HP.SU<\/strong><strong> are<\/strong>:<\/p>\n<ul>\n<li>To develop therapeutic, diagnostic, theranostic and technological innovations and facilitate their access to all patients.<\/li>\n<li>To improve the quality of patient care by providing ongoing support to create new connections for the development of multidisciplinary research and understanding of cancer through multidisciplinary teams.<\/li>\n<li>Integrate new approaches through mathematical modeling, physics, chemistry, bioinformatics, ethics without forgetting the contribution of human and social sciences.<\/li>\n<li>Always inform and train professionals, patients and the general public on all innovations through our theme days.<\/li>\n<li>Develop shared decision-making with the patient and health democracy for a concerted and personalized care path.<\/li>\n<\/ul>\n<p>&nbsp;<\/p>\n","protected":false},"excerpt":{"rendered":"","protected":false},"author":5,"featured_media":0,"parent":0,"menu_order":0,"comment_status":"closed","ping_status":"closed","template":"","meta":{"_acf_changed":false,"footnotes":""},"class_list":["post-3231","page","type-page","status-publish","hentry"],"acf":[],"yoast_head":"<!-- This site is optimized with the Yoast SEO plugin v27.4 - https:\/\/yoast.com\/product\/yoast-seo-wordpress\/ -->\n<title>Missions and Objectives - IUC - Institut Universitaire de Canc\u00e9rologie<\/title>\n<meta name=\"robots\" content=\"index, follow, max-snippet:-1, max-image-preview:large, max-video-preview:-1\" \/>\n<link rel=\"canonical\" href=\"https:\/\/iuc-aphp-sorbonneuniversite.com\/en\/missions\/\" \/>\n<meta property=\"og:locale\" content=\"en_US\" \/>\n<meta property=\"og:type\" content=\"article\" \/>\n<meta property=\"og:title\" content=\"Missions and Objectives - IUC - Institut Universitaire de Canc\u00e9rologie\" \/>\n<meta property=\"og:description\" content=\"The University Institute of Cancerology AP-HP.SU is a [&hellip;]\" \/>\n<meta property=\"og:url\" content=\"https:\/\/iuc-aphp-sorbonneuniversite.com\/en\/missions\/\" \/>\n<meta property=\"og:site_name\" content=\"IUC - Institut Universitaire de Canc\u00e9rologie\" \/>\n<meta property=\"article:modified_time\" content=\"2023-02-16T17:01:41+00:00\" \/>\n<meta name=\"twitter:card\" content=\"summary_large_image\" \/>\n<meta name=\"twitter:label1\" content=\"Est. reading time\" \/>\n\t<meta name=\"twitter:data1\" content=\"1 minute\" \/>\n<script type=\"application\/ld+json\" class=\"yoast-schema-graph\">{\"@context\":\"https:\\\/\\\/schema.org\",\"@graph\":[{\"@type\":\"WebPage\",\"@id\":\"https:\\\/\\\/iuc-aphp-sorbonneuniversite.com\\\/en\\\/missions\\\/\",\"url\":\"https:\\\/\\\/iuc-aphp-sorbonneuniversite.com\\\/en\\\/missions\\\/\",\"name\":\"Missions and Objectives - IUC - Institut Universitaire de Canc\u00e9rologie\",\"isPartOf\":{\"@id\":\"https:\\\/\\\/iuc-aphp-sorbonneuniversite.com\\\/#website\"},\"datePublished\":\"2020-03-01T10:03:42+00:00\",\"dateModified\":\"2023-02-16T17:01:41+00:00\",\"breadcrumb\":{\"@id\":\"https:\\\/\\\/iuc-aphp-sorbonneuniversite.com\\\/en\\\/missions\\\/#breadcrumb\"},\"inLanguage\":\"en-US\",\"potentialAction\":[{\"@type\":\"ReadAction\",\"target\":[\"https:\\\/\\\/iuc-aphp-sorbonneuniversite.com\\\/en\\\/missions\\\/\"]}]},{\"@type\":\"BreadcrumbList\",\"@id\":\"https:\\\/\\\/iuc-aphp-sorbonneuniversite.com\\\/en\\\/missions\\\/#breadcrumb\",\"itemListElement\":[{\"@type\":\"ListItem\",\"position\":1,\"name\":\"Accueil\",\"item\":\"https:\\\/\\\/iuc-aphp-sorbonneuniversite.com\\\/en\\\/\"},{\"@type\":\"ListItem\",\"position\":2,\"name\":\"Missions and Objectives\"}]},{\"@type\":\"WebSite\",\"@id\":\"https:\\\/\\\/iuc-aphp-sorbonneuniversite.com\\\/#website\",\"url\":\"https:\\\/\\\/iuc-aphp-sorbonneuniversite.com\\\/\",\"name\":\"IUC - Institut Universitaire de Canc\u00e9rologie\",\"description\":\"Facult\u00e9 de M\u00e9decine Pierre et Marie Curie\",\"publisher\":{\"@id\":\"https:\\\/\\\/iuc-aphp-sorbonneuniversite.com\\\/#organization\"},\"potentialAction\":[{\"@type\":\"SearchAction\",\"target\":{\"@type\":\"EntryPoint\",\"urlTemplate\":\"https:\\\/\\\/iuc-aphp-sorbonneuniversite.com\\\/?s={search_term_string}\"},\"query-input\":{\"@type\":\"PropertyValueSpecification\",\"valueRequired\":true,\"valueName\":\"search_term_string\"}}],\"inLanguage\":\"en-US\"},{\"@type\":\"Organization\",\"@id\":\"https:\\\/\\\/iuc-aphp-sorbonneuniversite.com\\\/#organization\",\"name\":\"IUC - Institut Universitaire de Canc\u00e9rologie\",\"url\":\"https:\\\/\\\/iuc-aphp-sorbonneuniversite.com\\\/\",\"logo\":{\"@type\":\"ImageObject\",\"inLanguage\":\"en-US\",\"@id\":\"https:\\\/\\\/iuc-aphp-sorbonneuniversite.com\\\/#\\\/schema\\\/logo\\\/image\\\/\",\"url\":\"https:\\\/\\\/iuc-aphp-sorbonneuniversite.com\\\/wp-content\\\/uploads\\\/2022\\\/10\\\/logo-iuc-e1670571869673.png\",\"contentUrl\":\"https:\\\/\\\/iuc-aphp-sorbonneuniversite.com\\\/wp-content\\\/uploads\\\/2022\\\/10\\\/logo-iuc-e1670571869673.png\",\"width\":500,\"height\":103,\"caption\":\"IUC - Institut Universitaire de Canc\u00e9rologie\"},\"image\":{\"@id\":\"https:\\\/\\\/iuc-aphp-sorbonneuniversite.com\\\/#\\\/schema\\\/logo\\\/image\\\/\"}}]}<\/script>\n<!-- \/ Yoast SEO plugin. -->","yoast_head_json":{"title":"Missions and Objectives - IUC - Institut Universitaire de Canc\u00e9rologie","robots":{"index":"index","follow":"follow","max-snippet":"max-snippet:-1","max-image-preview":"max-image-preview:large","max-video-preview":"max-video-preview:-1"},"canonical":"https:\/\/iuc-aphp-sorbonneuniversite.com\/en\/missions\/","og_locale":"en_US","og_type":"article","og_title":"Missions and Objectives - IUC - Institut Universitaire de Canc\u00e9rologie","og_description":"The University Institute of Cancerology AP-HP.SU is a [&hellip;]","og_url":"https:\/\/iuc-aphp-sorbonneuniversite.com\/en\/missions\/","og_site_name":"IUC - Institut Universitaire de Canc\u00e9rologie","article_modified_time":"2023-02-16T17:01:41+00:00","twitter_card":"summary_large_image","twitter_misc":{"Est. reading time":"1 minute"},"schema":{"@context":"https:\/\/schema.org","@graph":[{"@type":"WebPage","@id":"https:\/\/iuc-aphp-sorbonneuniversite.com\/en\/missions\/","url":"https:\/\/iuc-aphp-sorbonneuniversite.com\/en\/missions\/","name":"Missions and Objectives - IUC - Institut Universitaire de Canc\u00e9rologie","isPartOf":{"@id":"https:\/\/iuc-aphp-sorbonneuniversite.com\/#website"},"datePublished":"2020-03-01T10:03:42+00:00","dateModified":"2023-02-16T17:01:41+00:00","breadcrumb":{"@id":"https:\/\/iuc-aphp-sorbonneuniversite.com\/en\/missions\/#breadcrumb"},"inLanguage":"en-US","potentialAction":[{"@type":"ReadAction","target":["https:\/\/iuc-aphp-sorbonneuniversite.com\/en\/missions\/"]}]},{"@type":"BreadcrumbList","@id":"https:\/\/iuc-aphp-sorbonneuniversite.com\/en\/missions\/#breadcrumb","itemListElement":[{"@type":"ListItem","position":1,"name":"Accueil","item":"https:\/\/iuc-aphp-sorbonneuniversite.com\/en\/"},{"@type":"ListItem","position":2,"name":"Missions and Objectives"}]},{"@type":"WebSite","@id":"https:\/\/iuc-aphp-sorbonneuniversite.com\/#website","url":"https:\/\/iuc-aphp-sorbonneuniversite.com\/","name":"IUC - Institut Universitaire de Canc\u00e9rologie","description":"Facult\u00e9 de M\u00e9decine Pierre et Marie Curie","publisher":{"@id":"https:\/\/iuc-aphp-sorbonneuniversite.com\/#organization"},"potentialAction":[{"@type":"SearchAction","target":{"@type":"EntryPoint","urlTemplate":"https:\/\/iuc-aphp-sorbonneuniversite.com\/?s={search_term_string}"},"query-input":{"@type":"PropertyValueSpecification","valueRequired":true,"valueName":"search_term_string"}}],"inLanguage":"en-US"},{"@type":"Organization","@id":"https:\/\/iuc-aphp-sorbonneuniversite.com\/#organization","name":"IUC - Institut Universitaire de Canc\u00e9rologie","url":"https:\/\/iuc-aphp-sorbonneuniversite.com\/","logo":{"@type":"ImageObject","inLanguage":"en-US","@id":"https:\/\/iuc-aphp-sorbonneuniversite.com\/#\/schema\/logo\/image\/","url":"https:\/\/iuc-aphp-sorbonneuniversite.com\/wp-content\/uploads\/2022\/10\/logo-iuc-e1670571869673.png","contentUrl":"https:\/\/iuc-aphp-sorbonneuniversite.com\/wp-content\/uploads\/2022\/10\/logo-iuc-e1670571869673.png","width":500,"height":103,"caption":"IUC - Institut Universitaire de Canc\u00e9rologie"},"image":{"@id":"https:\/\/iuc-aphp-sorbonneuniversite.com\/#\/schema\/logo\/image\/"}}]}},"_links":{"self":[{"href":"https:\/\/iuc-aphp-sorbonneuniversite.com\/en\/wp-json\/wp\/v2\/pages\/3231","targetHints":{"allow":["GET"]}}],"collection":[{"href":"https:\/\/iuc-aphp-sorbonneuniversite.com\/en\/wp-json\/wp\/v2\/pages"}],"about":[{"href":"https:\/\/iuc-aphp-sorbonneuniversite.com\/en\/wp-json\/wp\/v2\/types\/page"}],"author":[{"embeddable":true,"href":"https:\/\/iuc-aphp-sorbonneuniversite.com\/en\/wp-json\/wp\/v2\/users\/5"}],"replies":[{"embeddable":true,"href":"https:\/\/iuc-aphp-sorbonneuniversite.com\/en\/wp-json\/wp\/v2\/comments?post=3231"}],"version-history":[{"count":0,"href":"https:\/\/iuc-aphp-sorbonneuniversite.com\/en\/wp-json\/wp\/v2\/pages\/3231\/revisions"}],"wp:attachment":[{"href":"https:\/\/iuc-aphp-sorbonneuniversite.com\/en\/wp-json\/wp\/v2\/media?parent=3231"}],"curies":[{"name":"wp","href":"https:\/\/api.w.org\/{rel}","templated":true}]}}