{"id":3252,"date":"2020-03-01T11:21:41","date_gmt":"2020-03-01T10:21:41","guid":{"rendered":"https:\/\/iuc-aphp-sorbonneuniversite.com\/gouvernance\/"},"modified":"2023-04-24T16:12:40","modified_gmt":"2023-04-24T14:12:40","slug":"governance","status":"publish","type":"page","link":"https:\/\/iuc-aphp-sorbonneuniversite.com\/en\/governance\/","title":{"rendered":"Governance"},"content":{"rendered":"<p><img decoding=\"async\" class=\"alignnone size-full wp-image-4050 lazyload\" data-src=\"https:\/\/iuc-aphp-sorbonneuniversite.com\/wp-content\/uploads\/2023\/04\/organigrame-en2.jpg\" alt=\"\" width=\"2000\" height=\"1161\" data-srcset=\"https:\/\/iuc-aphp-sorbonneuniversite.com\/wp-content\/uploads\/2023\/04\/organigrame-en2.jpg 2000w, https:\/\/iuc-aphp-sorbonneuniversite.com\/wp-content\/uploads\/2023\/04\/organigrame-en2-300x174.jpg 300w, https:\/\/iuc-aphp-sorbonneuniversite.com\/wp-content\/uploads\/2023\/04\/organigrame-en2-1024x594.jpg 1024w, https:\/\/iuc-aphp-sorbonneuniversite.com\/wp-content\/uploads\/2023\/04\/organigrame-en2-768x446.jpg 768w, https:\/\/iuc-aphp-sorbonneuniversite.com\/wp-content\/uploads\/2023\/04\/organigrame-en2-1536x892.jpg 1536w\" data-sizes=\"(max-width: 2000px) 100vw, 2000px\" src=\"data:image\/svg+xml;base64,PHN2ZyB3aWR0aD0iMSIgaGVpZ2h0PSIxIiB4bWxucz0iaHR0cDovL3d3dy53My5vcmcvMjAwMC9zdmciPjwvc3ZnPg==\" style=\"--smush-placeholder-width: 2000px; --smush-placeholder-aspect-ratio: 2000\/1161;\" \/><\/p>\n","protected":false},"excerpt":{"rendered":"","protected":false},"author":5,"featured_media":0,"parent":0,"menu_order":0,"comment_status":"closed","ping_status":"closed","template":"","meta":{"_acf_changed":false,"footnotes":""},"class_list":["post-3252","page","type-page","status-publish","hentry"],"acf":[],"yoast_head":"<!-- This site is optimized with the Yoast SEO plugin v27.4 - https:\/\/yoast.com\/product\/yoast-seo-wordpress\/ -->\n<title>Governance - IUC - Institut Universitaire de Canc\u00e9rologie<\/title>\n<meta name=\"robots\" content=\"index, follow, max-snippet:-1, max-image-preview:large, max-video-preview:-1\" \/>\n<link rel=\"canonical\" href=\"https:\/\/iuc-aphp-sorbonneuniversite.com\/en\/governance\/\" \/>\n<meta property=\"og:locale\" content=\"en_US\" \/>\n<meta property=\"og:type\" content=\"article\" \/>\n<meta property=\"og:title\" content=\"Governance - IUC - Institut Universitaire de Canc\u00e9rologie\" \/>\n<meta property=\"og:url\" content=\"https:\/\/iuc-aphp-sorbonneuniversite.com\/en\/governance\/\" \/>\n<meta property=\"og:site_name\" content=\"IUC - Institut Universitaire de Canc\u00e9rologie\" \/>\n<meta property=\"article:modified_time\" content=\"2023-04-24T14:12:40+00:00\" \/>\n<meta property=\"og:image\" content=\"https:\/\/iuc-aphp-sorbonneuniversite.com\/wp-content\/uploads\/2023\/04\/organigrame-en2.jpg\" \/>\n<meta name=\"twitter:card\" content=\"summary_large_image\" \/>\n<script type=\"application\/ld+json\" class=\"yoast-schema-graph\">{\"@context\":\"https:\\\/\\\/schema.org\",\"@graph\":[{\"@type\":\"WebPage\",\"@id\":\"https:\\\/\\\/iuc-aphp-sorbonneuniversite.com\\\/en\\\/governance\\\/\",\"url\":\"https:\\\/\\\/iuc-aphp-sorbonneuniversite.com\\\/en\\\/governance\\\/\",\"name\":\"Governance - IUC - Institut Universitaire de Canc\u00e9rologie\",\"isPartOf\":{\"@id\":\"https:\\\/\\\/iuc-aphp-sorbonneuniversite.com\\\/#website\"},\"primaryImageOfPage\":{\"@id\":\"https:\\\/\\\/iuc-aphp-sorbonneuniversite.com\\\/en\\\/governance\\\/#primaryimage\"},\"image\":{\"@id\":\"https:\\\/\\\/iuc-aphp-sorbonneuniversite.com\\\/en\\\/governance\\\/#primaryimage\"},\"thumbnailUrl\":\"https:\\\/\\\/iuc-aphp-sorbonneuniversite.com\\\/wp-content\\\/uploads\\\/2023\\\/04\\\/organigrame-en2.jpg\",\"datePublished\":\"2020-03-01T10:21:41+00:00\",\"dateModified\":\"2023-04-24T14:12:40+00:00\",\"breadcrumb\":{\"@id\":\"https:\\\/\\\/iuc-aphp-sorbonneuniversite.com\\\/en\\\/governance\\\/#breadcrumb\"},\"inLanguage\":\"en-US\",\"potentialAction\":[{\"@type\":\"ReadAction\",\"target\":[\"https:\\\/\\\/iuc-aphp-sorbonneuniversite.com\\\/en\\\/governance\\\/\"]}]},{\"@type\":\"ImageObject\",\"inLanguage\":\"en-US\",\"@id\":\"https:\\\/\\\/iuc-aphp-sorbonneuniversite.com\\\/en\\\/governance\\\/#primaryimage\",\"url\":\"https:\\\/\\\/iuc-aphp-sorbonneuniversite.com\\\/wp-content\\\/uploads\\\/2023\\\/04\\\/organigrame-en2.jpg\",\"contentUrl\":\"https:\\\/\\\/iuc-aphp-sorbonneuniversite.com\\\/wp-content\\\/uploads\\\/2023\\\/04\\\/organigrame-en2.jpg\"},{\"@type\":\"BreadcrumbList\",\"@id\":\"https:\\\/\\\/iuc-aphp-sorbonneuniversite.com\\\/en\\\/governance\\\/#breadcrumb\",\"itemListElement\":[{\"@type\":\"ListItem\",\"position\":1,\"name\":\"Accueil\",\"item\":\"https:\\\/\\\/iuc-aphp-sorbonneuniversite.com\\\/en\\\/\"},{\"@type\":\"ListItem\",\"position\":2,\"name\":\"Governance\"}]},{\"@type\":\"WebSite\",\"@id\":\"https:\\\/\\\/iuc-aphp-sorbonneuniversite.com\\\/#website\",\"url\":\"https:\\\/\\\/iuc-aphp-sorbonneuniversite.com\\\/\",\"name\":\"IUC - Institut Universitaire de Canc\u00e9rologie\",\"description\":\"Facult\u00e9 de M\u00e9decine Pierre et Marie Curie\",\"publisher\":{\"@id\":\"https:\\\/\\\/iuc-aphp-sorbonneuniversite.com\\\/#organization\"},\"potentialAction\":[{\"@type\":\"SearchAction\",\"target\":{\"@type\":\"EntryPoint\",\"urlTemplate\":\"https:\\\/\\\/iuc-aphp-sorbonneuniversite.com\\\/?s={search_term_string}\"},\"query-input\":{\"@type\":\"PropertyValueSpecification\",\"valueRequired\":true,\"valueName\":\"search_term_string\"}}],\"inLanguage\":\"en-US\"},{\"@type\":\"Organization\",\"@id\":\"https:\\\/\\\/iuc-aphp-sorbonneuniversite.com\\\/#organization\",\"name\":\"IUC - Institut Universitaire de Canc\u00e9rologie\",\"url\":\"https:\\\/\\\/iuc-aphp-sorbonneuniversite.com\\\/\",\"logo\":{\"@type\":\"ImageObject\",\"inLanguage\":\"en-US\",\"@id\":\"https:\\\/\\\/iuc-aphp-sorbonneuniversite.com\\\/#\\\/schema\\\/logo\\\/image\\\/\",\"url\":\"https:\\\/\\\/iuc-aphp-sorbonneuniversite.com\\\/wp-content\\\/uploads\\\/2022\\\/10\\\/logo-iuc-e1670571869673.png\",\"contentUrl\":\"https:\\\/\\\/iuc-aphp-sorbonneuniversite.com\\\/wp-content\\\/uploads\\\/2022\\\/10\\\/logo-iuc-e1670571869673.png\",\"width\":500,\"height\":103,\"caption\":\"IUC - Institut Universitaire de Canc\u00e9rologie\"},\"image\":{\"@id\":\"https:\\\/\\\/iuc-aphp-sorbonneuniversite.com\\\/#\\\/schema\\\/logo\\\/image\\\/\"}}]}<\/script>\n<!-- \/ Yoast SEO plugin. -->","yoast_head_json":{"title":"Governance - IUC - Institut Universitaire de Canc\u00e9rologie","robots":{"index":"index","follow":"follow","max-snippet":"max-snippet:-1","max-image-preview":"max-image-preview:large","max-video-preview":"max-video-preview:-1"},"canonical":"https:\/\/iuc-aphp-sorbonneuniversite.com\/en\/governance\/","og_locale":"en_US","og_type":"article","og_title":"Governance - IUC - Institut Universitaire de Canc\u00e9rologie","og_url":"https:\/\/iuc-aphp-sorbonneuniversite.com\/en\/governance\/","og_site_name":"IUC - Institut Universitaire de Canc\u00e9rologie","article_modified_time":"2023-04-24T14:12:40+00:00","og_image":[{"url":"https:\/\/iuc-aphp-sorbonneuniversite.com\/wp-content\/uploads\/2023\/04\/organigrame-en2.jpg","type":"","width":"","height":""}],"twitter_card":"summary_large_image","schema":{"@context":"https:\/\/schema.org","@graph":[{"@type":"WebPage","@id":"https:\/\/iuc-aphp-sorbonneuniversite.com\/en\/governance\/","url":"https:\/\/iuc-aphp-sorbonneuniversite.com\/en\/governance\/","name":"Governance - IUC - Institut Universitaire de Canc\u00e9rologie","isPartOf":{"@id":"https:\/\/iuc-aphp-sorbonneuniversite.com\/#website"},"primaryImageOfPage":{"@id":"https:\/\/iuc-aphp-sorbonneuniversite.com\/en\/governance\/#primaryimage"},"image":{"@id":"https:\/\/iuc-aphp-sorbonneuniversite.com\/en\/governance\/#primaryimage"},"thumbnailUrl":"https:\/\/iuc-aphp-sorbonneuniversite.com\/wp-content\/uploads\/2023\/04\/organigrame-en2.jpg","datePublished":"2020-03-01T10:21:41+00:00","dateModified":"2023-04-24T14:12:40+00:00","breadcrumb":{"@id":"https:\/\/iuc-aphp-sorbonneuniversite.com\/en\/governance\/#breadcrumb"},"inLanguage":"en-US","potentialAction":[{"@type":"ReadAction","target":["https:\/\/iuc-aphp-sorbonneuniversite.com\/en\/governance\/"]}]},{"@type":"ImageObject","inLanguage":"en-US","@id":"https:\/\/iuc-aphp-sorbonneuniversite.com\/en\/governance\/#primaryimage","url":"https:\/\/iuc-aphp-sorbonneuniversite.com\/wp-content\/uploads\/2023\/04\/organigrame-en2.jpg","contentUrl":"https:\/\/iuc-aphp-sorbonneuniversite.com\/wp-content\/uploads\/2023\/04\/organigrame-en2.jpg"},{"@type":"BreadcrumbList","@id":"https:\/\/iuc-aphp-sorbonneuniversite.com\/en\/governance\/#breadcrumb","itemListElement":[{"@type":"ListItem","position":1,"name":"Accueil","item":"https:\/\/iuc-aphp-sorbonneuniversite.com\/en\/"},{"@type":"ListItem","position":2,"name":"Governance"}]},{"@type":"WebSite","@id":"https:\/\/iuc-aphp-sorbonneuniversite.com\/#website","url":"https:\/\/iuc-aphp-sorbonneuniversite.com\/","name":"IUC - Institut Universitaire de Canc\u00e9rologie","description":"Facult\u00e9 de M\u00e9decine Pierre et Marie Curie","publisher":{"@id":"https:\/\/iuc-aphp-sorbonneuniversite.com\/#organization"},"potentialAction":[{"@type":"SearchAction","target":{"@type":"EntryPoint","urlTemplate":"https:\/\/iuc-aphp-sorbonneuniversite.com\/?s={search_term_string}"},"query-input":{"@type":"PropertyValueSpecification","valueRequired":true,"valueName":"search_term_string"}}],"inLanguage":"en-US"},{"@type":"Organization","@id":"https:\/\/iuc-aphp-sorbonneuniversite.com\/#organization","name":"IUC - Institut Universitaire de Canc\u00e9rologie","url":"https:\/\/iuc-aphp-sorbonneuniversite.com\/","logo":{"@type":"ImageObject","inLanguage":"en-US","@id":"https:\/\/iuc-aphp-sorbonneuniversite.com\/#\/schema\/logo\/image\/","url":"https:\/\/iuc-aphp-sorbonneuniversite.com\/wp-content\/uploads\/2022\/10\/logo-iuc-e1670571869673.png","contentUrl":"https:\/\/iuc-aphp-sorbonneuniversite.com\/wp-content\/uploads\/2022\/10\/logo-iuc-e1670571869673.png","width":500,"height":103,"caption":"IUC - Institut Universitaire de Canc\u00e9rologie"},"image":{"@id":"https:\/\/iuc-aphp-sorbonneuniversite.com\/#\/schema\/logo\/image\/"}}]}},"_links":{"self":[{"href":"https:\/\/iuc-aphp-sorbonneuniversite.com\/en\/wp-json\/wp\/v2\/pages\/3252","targetHints":{"allow":["GET"]}}],"collection":[{"href":"https:\/\/iuc-aphp-sorbonneuniversite.com\/en\/wp-json\/wp\/v2\/pages"}],"about":[{"href":"https:\/\/iuc-aphp-sorbonneuniversite.com\/en\/wp-json\/wp\/v2\/types\/page"}],"author":[{"embeddable":true,"href":"https:\/\/iuc-aphp-sorbonneuniversite.com\/en\/wp-json\/wp\/v2\/users\/5"}],"replies":[{"embeddable":true,"href":"https:\/\/iuc-aphp-sorbonneuniversite.com\/en\/wp-json\/wp\/v2\/comments?post=3252"}],"version-history":[{"count":0,"href":"https:\/\/iuc-aphp-sorbonneuniversite.com\/en\/wp-json\/wp\/v2\/pages\/3252\/revisions"}],"wp:attachment":[{"href":"https:\/\/iuc-aphp-sorbonneuniversite.com\/en\/wp-json\/wp\/v2\/media?parent=3252"}],"curies":[{"name":"wp","href":"https:\/\/api.w.org\/{rel}","templated":true}]}}