{"id":3262,"date":"2020-08-25T23:44:54","date_gmt":"2020-08-25T21:44:54","guid":{"rendered":"https:\/\/iuc-aphp-sorbonneuniversite.com\/contactez-nous\/"},"modified":"2023-03-03T15:42:13","modified_gmt":"2023-03-03T14:42:13","slug":"contact-us","status":"publish","type":"page","link":"https:\/\/iuc-aphp-sorbonneuniversite.com\/en\/contact-us\/","title":{"rendered":"Contact us"},"content":{"rendered":"<p><img decoding=\"async\" class=\"alignnone wp-image-1850 size-full lazyload\" data-src=\"https:\/\/iuc-aphp-sorbonneuniversite.com\/wp-content\/uploads\/2022\/09\/banniere-logo-iuc.jpg\" alt=\"\" width=\"1200\" height=\"400\" data-srcset=\"https:\/\/iuc-aphp-sorbonneuniversite.com\/wp-content\/uploads\/2022\/09\/banniere-logo-iuc.jpg 1200w, https:\/\/iuc-aphp-sorbonneuniversite.com\/wp-content\/uploads\/2022\/09\/banniere-logo-iuc-300x100.jpg 300w, https:\/\/iuc-aphp-sorbonneuniversite.com\/wp-content\/uploads\/2022\/09\/banniere-logo-iuc-1024x341.jpg 1024w, https:\/\/iuc-aphp-sorbonneuniversite.com\/wp-content\/uploads\/2022\/09\/banniere-logo-iuc-768x256.jpg 768w\" data-sizes=\"(max-width: 1200px) 100vw, 1200px\" src=\"data:image\/svg+xml;base64,PHN2ZyB3aWR0aD0iMSIgaGVpZ2h0PSIxIiB4bWxucz0iaHR0cDovL3d3dy53My5vcmcvMjAwMC9zdmciPjwvc3ZnPg==\" style=\"--smush-placeholder-width: 1200px; --smush-placeholder-aspect-ratio: 1200\/400;\" \/><\/p>\n\n<div class=\"wpcf7 no-js\" id=\"wpcf7-f330-o1\" lang=\"fr-FR\" dir=\"ltr\" data-wpcf7-id=\"330\">\n<div class=\"screen-reader-response\"><p role=\"status\" aria-live=\"polite\" aria-atomic=\"true\"><\/p> <ul><\/ul><\/div>\n<form action=\"\/en\/wp-json\/wp\/v2\/pages\/3262#wpcf7-f330-o1\" method=\"post\" class=\"wpcf7-form init\" aria-label=\"Formulaire de contact\" novalidate=\"novalidate\" data-status=\"init\">\n<fieldset class=\"hidden-fields-container\"><input type=\"hidden\" name=\"_wpcf7\" value=\"330\" \/><input type=\"hidden\" name=\"_wpcf7_version\" value=\"6.1.5\" \/><input type=\"hidden\" name=\"_wpcf7_locale\" value=\"fr_FR\" \/><input type=\"hidden\" name=\"_wpcf7_unit_tag\" value=\"wpcf7-f330-o1\" \/><input type=\"hidden\" name=\"_wpcf7_container_post\" value=\"0\" \/><input type=\"hidden\" name=\"_wpcf7_posted_data_hash\" value=\"\" \/><input type=\"hidden\" name=\"_wpcf7_recaptcha_response\" value=\"\" \/>\n<\/fieldset>\n<p><label> Name *<br \/>\n<span class=\"wpcf7-form-control-wrap\" data-name=\"your-name\"><input size=\"40\" maxlength=\"400\" class=\"wpcf7-form-control wpcf7-text wpcf7-validates-as-required\" aria-required=\"true\" aria-invalid=\"false\" value=\"\" type=\"text\" name=\"your-name\" \/><\/span> <\/label>\n<\/p>\n<p><label> Email *<br \/>\n<span class=\"wpcf7-form-control-wrap\" data-name=\"your-email\"><input size=\"40\" maxlength=\"400\" class=\"wpcf7-form-control wpcf7-email wpcf7-validates-as-required wpcf7-text wpcf7-validates-as-email\" aria-required=\"true\" aria-invalid=\"false\" value=\"\" type=\"email\" name=\"your-email\" \/><\/span> <\/label>\n<\/p>\n<p><label> Subject *<br \/>\n<span class=\"wpcf7-form-control-wrap\" data-name=\"your-subject\"><input size=\"40\" maxlength=\"400\" class=\"wpcf7-form-control wpcf7-text wpcf7-validates-as-required\" aria-required=\"true\" aria-invalid=\"false\" value=\"\" type=\"text\" name=\"your-subject\" \/><\/span> <\/label>\n<\/p>\n<p><label> Your message<br \/>\n<span class=\"wpcf7-form-control-wrap\" data-name=\"your-message\"><textarea cols=\"40\" rows=\"10\" maxlength=\"2000\" class=\"wpcf7-form-control wpcf7-textarea\" aria-invalid=\"false\" name=\"your-message\"><\/textarea><\/span> <\/label>\n<\/p>\n<p><span class=\"wpcf7-form-control-wrap\" data-name=\"acceptance-126\"><span class=\"wpcf7-form-control wpcf7-acceptance\"><span class=\"wpcf7-list-item\"><label><input type=\"checkbox\" name=\"acceptance-126\" value=\"1\" aria-invalid=\"false\" \/><span class=\"wpcf7-list-item-label\">By submitting this form, I agree that the information entered in this form may be used to enable me to contact you by email.<\/span><\/label><\/span><\/span><\/span>\n<\/p>\n<span class=\"wpcf7-form-control-wrap recaptcha\" data-name=\"recaptcha\"><span data-sitekey=\"6Lcmeo4pAAAAAGJ_QRXPhh8N3DNGcG_sUBOnwRx3\" class=\"wpcf7-form-control wpcf7-recaptcha g-recaptcha\"><\/span>\r\n<noscript>\r\n\t<div class=\"grecaptcha-noscript\">\r\n\t\t<iframe src=\"https:\/\/www.google.com\/recaptcha\/api\/fallback?k=6Lcmeo4pAAAAAGJ_QRXPhh8N3DNGcG_sUBOnwRx3\" frameborder=\"0\" scrolling=\"no\" width=\"310\" height=\"430\">\r\n\t\t<\/iframe>\r\n\t\t<textarea name=\"g-recaptcha-response\" rows=\"3\" cols=\"40\" placeholder=\"reCaptcha Response Here\">\r\n\t\t<\/textarea>\r\n\t<\/div>\r\n<\/noscript>\r\n<\/span>\n<p><input class=\"wpcf7-form-control wpcf7-submit has-spinner\" type=\"submit\" value=\"Send your message\" \/>\n<\/p><div class=\"wpcf7-response-output\" aria-hidden=\"true\"><\/div>\n<\/form>\n<\/div>\n\n","protected":false},"excerpt":{"rendered":"","protected":false},"author":5,"featured_media":0,"parent":0,"menu_order":0,"comment_status":"closed","ping_status":"closed","template":"","meta":{"_acf_changed":false,"footnotes":""},"class_list":["post-3262","page","type-page","status-publish","hentry"],"acf":[],"yoast_head":"<!-- This site is optimized with the Yoast SEO plugin v27.4 - https:\/\/yoast.com\/product\/yoast-seo-wordpress\/ -->\n<title>Contact us - IUC - Institut Universitaire de Canc\u00e9rologie<\/title>\n<meta name=\"robots\" content=\"index, follow, max-snippet:-1, max-image-preview:large, max-video-preview:-1\" \/>\n<link rel=\"canonical\" href=\"https:\/\/iuc-aphp-sorbonneuniversite.com\/en\/contact-us\/\" \/>\n<meta property=\"og:locale\" content=\"en_US\" \/>\n<meta property=\"og:type\" content=\"article\" \/>\n<meta property=\"og:title\" content=\"Contact us - IUC - Institut Universitaire de Canc\u00e9rologie\" \/>\n<meta property=\"og:url\" content=\"https:\/\/iuc-aphp-sorbonneuniversite.com\/en\/contact-us\/\" \/>\n<meta property=\"og:site_name\" content=\"IUC - Institut Universitaire de Canc\u00e9rologie\" \/>\n<meta property=\"article:modified_time\" content=\"2023-03-03T14:42:13+00:00\" \/>\n<meta property=\"og:image\" content=\"https:\/\/iuc-aphp-sorbonneuniversite.com\/wp-content\/uploads\/2022\/09\/banniere-logo-iuc.jpg\" \/>\n<meta name=\"twitter:card\" content=\"summary_large_image\" \/>\n<meta name=\"twitter:label1\" content=\"Est. reading time\" \/>\n\t<meta name=\"twitter:data1\" content=\"1 minute\" \/>\n<script type=\"application\/ld+json\" class=\"yoast-schema-graph\">{\"@context\":\"https:\\\/\\\/schema.org\",\"@graph\":[{\"@type\":\"WebPage\",\"@id\":\"https:\\\/\\\/iuc-aphp-sorbonneuniversite.com\\\/en\\\/contact-us\\\/\",\"url\":\"https:\\\/\\\/iuc-aphp-sorbonneuniversite.com\\\/en\\\/contact-us\\\/\",\"name\":\"Contact us - IUC - Institut Universitaire de Canc\u00e9rologie\",\"isPartOf\":{\"@id\":\"https:\\\/\\\/iuc-aphp-sorbonneuniversite.com\\\/#website\"},\"primaryImageOfPage\":{\"@id\":\"https:\\\/\\\/iuc-aphp-sorbonneuniversite.com\\\/en\\\/contact-us\\\/#primaryimage\"},\"image\":{\"@id\":\"https:\\\/\\\/iuc-aphp-sorbonneuniversite.com\\\/en\\\/contact-us\\\/#primaryimage\"},\"thumbnailUrl\":\"https:\\\/\\\/iuc-aphp-sorbonneuniversite.com\\\/wp-content\\\/uploads\\\/2022\\\/09\\\/banniere-logo-iuc.jpg\",\"datePublished\":\"2020-08-25T21:44:54+00:00\",\"dateModified\":\"2023-03-03T14:42:13+00:00\",\"breadcrumb\":{\"@id\":\"https:\\\/\\\/iuc-aphp-sorbonneuniversite.com\\\/en\\\/contact-us\\\/#breadcrumb\"},\"inLanguage\":\"en-US\",\"potentialAction\":[{\"@type\":\"ReadAction\",\"target\":[\"https:\\\/\\\/iuc-aphp-sorbonneuniversite.com\\\/en\\\/contact-us\\\/\"]}]},{\"@type\":\"ImageObject\",\"inLanguage\":\"en-US\",\"@id\":\"https:\\\/\\\/iuc-aphp-sorbonneuniversite.com\\\/en\\\/contact-us\\\/#primaryimage\",\"url\":\"https:\\\/\\\/iuc-aphp-sorbonneuniversite.com\\\/wp-content\\\/uploads\\\/2022\\\/09\\\/banniere-logo-iuc.jpg\",\"contentUrl\":\"https:\\\/\\\/iuc-aphp-sorbonneuniversite.com\\\/wp-content\\\/uploads\\\/2022\\\/09\\\/banniere-logo-iuc.jpg\"},{\"@type\":\"BreadcrumbList\",\"@id\":\"https:\\\/\\\/iuc-aphp-sorbonneuniversite.com\\\/en\\\/contact-us\\\/#breadcrumb\",\"itemListElement\":[{\"@type\":\"ListItem\",\"position\":1,\"name\":\"Accueil\",\"item\":\"https:\\\/\\\/iuc-aphp-sorbonneuniversite.com\\\/en\\\/\"},{\"@type\":\"ListItem\",\"position\":2,\"name\":\"Contact us\"}]},{\"@type\":\"WebSite\",\"@id\":\"https:\\\/\\\/iuc-aphp-sorbonneuniversite.com\\\/#website\",\"url\":\"https:\\\/\\\/iuc-aphp-sorbonneuniversite.com\\\/\",\"name\":\"IUC - Institut Universitaire de Canc\u00e9rologie\",\"description\":\"Facult\u00e9 de M\u00e9decine Pierre et Marie Curie\",\"publisher\":{\"@id\":\"https:\\\/\\\/iuc-aphp-sorbonneuniversite.com\\\/#organization\"},\"potentialAction\":[{\"@type\":\"SearchAction\",\"target\":{\"@type\":\"EntryPoint\",\"urlTemplate\":\"https:\\\/\\\/iuc-aphp-sorbonneuniversite.com\\\/?s={search_term_string}\"},\"query-input\":{\"@type\":\"PropertyValueSpecification\",\"valueRequired\":true,\"valueName\":\"search_term_string\"}}],\"inLanguage\":\"en-US\"},{\"@type\":\"Organization\",\"@id\":\"https:\\\/\\\/iuc-aphp-sorbonneuniversite.com\\\/#organization\",\"name\":\"IUC - Institut Universitaire de Canc\u00e9rologie\",\"url\":\"https:\\\/\\\/iuc-aphp-sorbonneuniversite.com\\\/\",\"logo\":{\"@type\":\"ImageObject\",\"inLanguage\":\"en-US\",\"@id\":\"https:\\\/\\\/iuc-aphp-sorbonneuniversite.com\\\/#\\\/schema\\\/logo\\\/image\\\/\",\"url\":\"https:\\\/\\\/iuc-aphp-sorbonneuniversite.com\\\/wp-content\\\/uploads\\\/2022\\\/10\\\/logo-iuc-e1670571869673.png\",\"contentUrl\":\"https:\\\/\\\/iuc-aphp-sorbonneuniversite.com\\\/wp-content\\\/uploads\\\/2022\\\/10\\\/logo-iuc-e1670571869673.png\",\"width\":500,\"height\":103,\"caption\":\"IUC - Institut Universitaire de Canc\u00e9rologie\"},\"image\":{\"@id\":\"https:\\\/\\\/iuc-aphp-sorbonneuniversite.com\\\/#\\\/schema\\\/logo\\\/image\\\/\"}}]}<\/script>\n<!-- \/ Yoast SEO plugin. -->","yoast_head_json":{"title":"Contact us - IUC - Institut Universitaire de Canc\u00e9rologie","robots":{"index":"index","follow":"follow","max-snippet":"max-snippet:-1","max-image-preview":"max-image-preview:large","max-video-preview":"max-video-preview:-1"},"canonical":"https:\/\/iuc-aphp-sorbonneuniversite.com\/en\/contact-us\/","og_locale":"en_US","og_type":"article","og_title":"Contact us - IUC - Institut Universitaire de Canc\u00e9rologie","og_url":"https:\/\/iuc-aphp-sorbonneuniversite.com\/en\/contact-us\/","og_site_name":"IUC - Institut Universitaire de Canc\u00e9rologie","article_modified_time":"2023-03-03T14:42:13+00:00","og_image":[{"url":"https:\/\/iuc-aphp-sorbonneuniversite.com\/wp-content\/uploads\/2022\/09\/banniere-logo-iuc.jpg","type":"","width":"","height":""}],"twitter_card":"summary_large_image","twitter_misc":{"Est. reading time":"1 minute"},"schema":{"@context":"https:\/\/schema.org","@graph":[{"@type":"WebPage","@id":"https:\/\/iuc-aphp-sorbonneuniversite.com\/en\/contact-us\/","url":"https:\/\/iuc-aphp-sorbonneuniversite.com\/en\/contact-us\/","name":"Contact us - IUC - Institut Universitaire de Canc\u00e9rologie","isPartOf":{"@id":"https:\/\/iuc-aphp-sorbonneuniversite.com\/#website"},"primaryImageOfPage":{"@id":"https:\/\/iuc-aphp-sorbonneuniversite.com\/en\/contact-us\/#primaryimage"},"image":{"@id":"https:\/\/iuc-aphp-sorbonneuniversite.com\/en\/contact-us\/#primaryimage"},"thumbnailUrl":"https:\/\/iuc-aphp-sorbonneuniversite.com\/wp-content\/uploads\/2022\/09\/banniere-logo-iuc.jpg","datePublished":"2020-08-25T21:44:54+00:00","dateModified":"2023-03-03T14:42:13+00:00","breadcrumb":{"@id":"https:\/\/iuc-aphp-sorbonneuniversite.com\/en\/contact-us\/#breadcrumb"},"inLanguage":"en-US","potentialAction":[{"@type":"ReadAction","target":["https:\/\/iuc-aphp-sorbonneuniversite.com\/en\/contact-us\/"]}]},{"@type":"ImageObject","inLanguage":"en-US","@id":"https:\/\/iuc-aphp-sorbonneuniversite.com\/en\/contact-us\/#primaryimage","url":"https:\/\/iuc-aphp-sorbonneuniversite.com\/wp-content\/uploads\/2022\/09\/banniere-logo-iuc.jpg","contentUrl":"https:\/\/iuc-aphp-sorbonneuniversite.com\/wp-content\/uploads\/2022\/09\/banniere-logo-iuc.jpg"},{"@type":"BreadcrumbList","@id":"https:\/\/iuc-aphp-sorbonneuniversite.com\/en\/contact-us\/#breadcrumb","itemListElement":[{"@type":"ListItem","position":1,"name":"Accueil","item":"https:\/\/iuc-aphp-sorbonneuniversite.com\/en\/"},{"@type":"ListItem","position":2,"name":"Contact us"}]},{"@type":"WebSite","@id":"https:\/\/iuc-aphp-sorbonneuniversite.com\/#website","url":"https:\/\/iuc-aphp-sorbonneuniversite.com\/","name":"IUC - Institut Universitaire de Canc\u00e9rologie","description":"Facult\u00e9 de M\u00e9decine Pierre et Marie Curie","publisher":{"@id":"https:\/\/iuc-aphp-sorbonneuniversite.com\/#organization"},"potentialAction":[{"@type":"SearchAction","target":{"@type":"EntryPoint","urlTemplate":"https:\/\/iuc-aphp-sorbonneuniversite.com\/?s={search_term_string}"},"query-input":{"@type":"PropertyValueSpecification","valueRequired":true,"valueName":"search_term_string"}}],"inLanguage":"en-US"},{"@type":"Organization","@id":"https:\/\/iuc-aphp-sorbonneuniversite.com\/#organization","name":"IUC - Institut Universitaire de Canc\u00e9rologie","url":"https:\/\/iuc-aphp-sorbonneuniversite.com\/","logo":{"@type":"ImageObject","inLanguage":"en-US","@id":"https:\/\/iuc-aphp-sorbonneuniversite.com\/#\/schema\/logo\/image\/","url":"https:\/\/iuc-aphp-sorbonneuniversite.com\/wp-content\/uploads\/2022\/10\/logo-iuc-e1670571869673.png","contentUrl":"https:\/\/iuc-aphp-sorbonneuniversite.com\/wp-content\/uploads\/2022\/10\/logo-iuc-e1670571869673.png","width":500,"height":103,"caption":"IUC - Institut Universitaire de Canc\u00e9rologie"},"image":{"@id":"https:\/\/iuc-aphp-sorbonneuniversite.com\/#\/schema\/logo\/image\/"}}]}},"_links":{"self":[{"href":"https:\/\/iuc-aphp-sorbonneuniversite.com\/en\/wp-json\/wp\/v2\/pages\/3262","targetHints":{"allow":["GET"]}}],"collection":[{"href":"https:\/\/iuc-aphp-sorbonneuniversite.com\/en\/wp-json\/wp\/v2\/pages"}],"about":[{"href":"https:\/\/iuc-aphp-sorbonneuniversite.com\/en\/wp-json\/wp\/v2\/types\/page"}],"author":[{"embeddable":true,"href":"https:\/\/iuc-aphp-sorbonneuniversite.com\/en\/wp-json\/wp\/v2\/users\/5"}],"replies":[{"embeddable":true,"href":"https:\/\/iuc-aphp-sorbonneuniversite.com\/en\/wp-json\/wp\/v2\/comments?post=3262"}],"version-history":[{"count":0,"href":"https:\/\/iuc-aphp-sorbonneuniversite.com\/en\/wp-json\/wp\/v2\/pages\/3262\/revisions"}],"wp:attachment":[{"href":"https:\/\/iuc-aphp-sorbonneuniversite.com\/en\/wp-json\/wp\/v2\/media?parent=3262"}],"curies":[{"name":"wp","href":"https:\/\/api.w.org\/{rel}","templated":true}]}}